{"id":436,"date":"2021-09-16T13:50:25","date_gmt":"2021-09-16T11:50:25","guid":{"rendered":"https:\/\/www.wilhelm-schuster.de\/news\/?page_id=436"},"modified":"2025-12-13T10:15:42","modified_gmt":"2025-12-13T09:15:42","slug":"drehstuhl-navigo-mit-auszeichnung-bei-stifung-warentest","status":"publish","type":"page","link":"https:\/\/www.wilhelm-schuster.de\/news\/drehstuhl-navigo-mit-auszeichnung-bei-stifung-warentest\/","title":{"rendered":"Drehstuhl Navigo mit Auszeichnung bei Stifung Warentest!"},"content":{"rendered":"\n<p>Navigo Drehstuhl mit Auszeichnung bei der Stiftung Warentest mit dem Ergebnis &#8222;Gut&#8220;  als zweiter Platz + bester Preis!<\/p>\n\n\n\n<figure class=\"wp-block-image size-large\"><img loading=\"lazy\" decoding=\"async\" width=\"506\" height=\"800\" src=\"https:\/\/www.wilhelm-schuster.de\/news\/wp-content\/uploads\/2021\/09\/navigo-buerodrehstuhl-auszeichnung-stiftung-warentest-9-21-506x800.jpg\" alt=\"Drehstuhl Navigo mit Auszeichung bei Stiftung Warentest mit Gut\" class=\"wp-image-437\" srcset=\"https:\/\/www.wilhelm-schuster.de\/news\/wp-content\/uploads\/2021\/09\/navigo-buerodrehstuhl-auszeichnung-stiftung-warentest-9-21-506x800.jpg 506w, https:\/\/www.wilhelm-schuster.de\/news\/wp-content\/uploads\/2021\/09\/navigo-buerodrehstuhl-auszeichnung-stiftung-warentest-9-21-190x300.jpg 190w, https:\/\/www.wilhelm-schuster.de\/news\/wp-content\/uploads\/2021\/09\/navigo-buerodrehstuhl-auszeichnung-stiftung-warentest-9-21-768x1214.jpg 768w, https:\/\/www.wilhelm-schuster.de\/news\/wp-content\/uploads\/2021\/09\/navigo-buerodrehstuhl-auszeichnung-stiftung-warentest-9-21-971x1536.jpg 971w, https:\/\/www.wilhelm-schuster.de\/news\/wp-content\/uploads\/2021\/09\/navigo-buerodrehstuhl-auszeichnung-stiftung-warentest-9-21-1295x2048.jpg 1295w, https:\/\/www.wilhelm-schuster.de\/news\/wp-content\/uploads\/2021\/09\/navigo-buerodrehstuhl-auszeichnung-stiftung-warentest-9-21.jpg 1564w\" sizes=\"auto, (max-width: 506px) 100vw, 506px\" \/><\/figure>\n\n\n\n<p>Die Stiftung Warentest zeichnete erneut einen B\u00fcrodrehstuhl von der Firma Nowy Styl aus:<\/p>\n\n\n\n<h2 class=\"wp-block-heading\">Navigo B\u00fcrodrehstuhl- 2 Platz &#8211; g\u00fcnstigster Preis!<\/h2>\n\n\n\n<p>In der aktuellen Ausgabe 9\/2021 Stifgung Warentest wurden f\u00fcr den Arbeitsplatz zu Hause (Homeoffice) dreizehn Drehst\u00fchle mit Armlehnen und Synchronmechanik getestet. Der <strong>Navigo B\u00fcrodrehstuhl<\/strong> \u00fcberzeugt die Experten:<\/p>\n\n\n\n<p>mit der <strong>Gesamtnote GUT (2,2) im Qualit\u00e4tsurteil<\/strong> wurde er als der Stuhl<strong> \u201ef\u00fcr Preisbewusste\u201c<\/strong> ausgezeichnet.<\/p>\n\n\n\n<p><strong>Ein Blick auf die Untersuchungskriterien<\/strong>:<\/p>\n\n\n\n<p>Was wurde genau getestet? <\/p>\n\n\n\n<p>Orientiert an den aktuellen europ\u00e4ischen Normen und Anspr\u00fcchen, pr\u00fcfte Stiftung Warentest die B\u00fcrost\u00fchle intensiv auf Sitzkomfort, Haltbarkeit und Bodenschonung, Handhabung, Sicherheit, Schadstoffe sowie Kennzeichnung. <\/p>\n\n\n\n<p>Ebenso wurde der Punkt Ausstattung \/ Technische Merkmale in die Bewertung mit einbezogen.<\/p>\n\n\n\n<h3 class=\"wp-block-heading\"><strong>Der B\u00fcrodrehstuhl f\u00fcr Preisbewusste<\/strong><\/h3>\n\n\n\n<p>Gute Qualit\u00e4t zum Spitzenpreis ist insbesondere beim Kauf eines Drehstuhls f\u00fcr das Home-Office ein \u00fcberzeugendes Kriterium. Stiftung Warentest pr\u00e4mierte Navigo B\u00fcrodrehstuhl nicht nur als \u201epreisg\u00fcnstigsten Stuhl im Test\u201c, er ist laut Jury zudem \u201esehr haltbar und sehr einfach zu montieren\u201c.<\/p>\n\n\n\n<p><strong>Erneute Top-Platzierung unterstreicht den Qualit\u00e4tsanspruch<\/strong><\/p>\n\n\n\n<p>Bereits 2017 \u00fcberzeugte ein Produkt im damaligen B\u00fcrostuhltest der Stiftung Warentest (Ausgabe 2\/2017). Der Drehstuhl Net Motion wurde mit dem Qualit\u00e4tsurteil GUT (1,9) zum praktischen Testsieger ausgezeichnet. Navigo folgt nun im aktuellen Test mit ebenfalls guter Bewertung und unterstreicht den hohen Qualit\u00e4tsanspruch des Unternehmens.<br \/>Die Qulit\u00e4t der Produkte werden erreicht aufgrund von:<\/p>\n\n\n\n<ul class=\"wp-block-list\">\n<li>regelm\u00e4\u00dfige interne Tests im eigenen Forschungszentrum<\/li>\n\n\n\n<li> unabh\u00e4ngigen Pr\u00fcflaboren getestet und zertifiziert. <\/li>\n<\/ul>\n\n\n\n<p>Der Navigo B\u00fcrodrehstuhl ist mit dem GS-Zertifikat f\u00fcr gepr\u00fcfte Sicherheit ausgezeichnet Stand 9\/2021. Gerne k\u00f6nnen Sie das Zertifikat anfordern.<\/p>\n\n\n\n<p>Gutes ergonomisches Sitzen sollten durch die langen Arbeitszeiten an Bildschirmarbeitspl\u00e4tzen auf jeden Fall im Focus der Benutzer f\u00fcr Ihre eigene Gesundheit stehen. <\/p>\n\n\n\n<p>Durch die lange Lebens &#8211; Arbeitszeit von mehr als 80.000 Stunden schonen Sie Ihren R\u00fccken, beugen Haltungsch\u00e4den vor. Zudem arbeiten Sie entspannter, konzentrierter sind leistungsf\u00e4higer mit weniger Ausfallzeiten.  Aus diesem Grund haben Sie auch einen sch\u00f6neren Feierabend!<\/p>\n\n\n\n<p>Wir freuen uns \u00fcber Ihren Besuch!  Als B\u00fcrofachh\u00e4ndler Wilhelm Schuster bestehend seit 1970 beantworten wir gerne Ihre Fragen.<\/p>\n\n\n\n<p><a href=\"https:\/\/www.wilhelm-schuster.de\/buerostuehle-onlineshop\/buerodrehstuehle\/nowy-styl-buerodrehstuehle\/\" title=\"https:\/\/www.wilhelm-schuster.de\/buerostuehle-onlineshop\/advanced_search_result.php?categories_id=0&amp;keywords=navigo&amp;inc_subcat=1\">Den Navigo B\u00fcrodrehstuhl im Onlineshop kaufen!<\/a><\/p>\n\n\n\n<p><a href=\"https:\/\/www.buerostuehle-news.de\/\" title=\"https:\/\/www.buerostuehle-news.de\/\">B\u00fcrostuhl &#8211; Blog<\/a><\/p>\n\n\n\n<p><\/p>\n","protected":false},"excerpt":{"rendered":"<p>Navigo Drehstuhl mit Auszeichnung bei der Stiftung Warentest mit dem Ergebnis &#8222;Gut&#8220; als zweiter Platz + bester Preis! Die Stiftung Warentest zeichnete erneut einen B\u00fcrodrehstuhl von der Firma Nowy Styl aus: Navigo B\u00fcrodrehstuhl- 2 Platz &#8211; g\u00fcnstigster Preis! In der aktuellen Ausgabe 9\/2021 Stifgung Warentest wurden f\u00fcr den Arbeitsplatz zu Hause (Homeoffice) dreizehn Drehst\u00fchle mit [&hellip;]<\/p>\n","protected":false},"author":2,"featured_media":0,"parent":0,"menu_order":0,"comment_status":"closed","ping_status":"closed","template":"","meta":{"footnotes":""},"class_list":["post-436","page","type-page","status-publish","hentry"],"aioseo_notices":[],"_links":{"self":[{"href":"https:\/\/www.wilhelm-schuster.de\/news\/wp-json\/wp\/v2\/pages\/436","targetHints":{"allow":["GET"]}}],"collection":[{"href":"https:\/\/www.wilhelm-schuster.de\/news\/wp-json\/wp\/v2\/pages"}],"about":[{"href":"https:\/\/www.wilhelm-schuster.de\/news\/wp-json\/wp\/v2\/types\/page"}],"author":[{"embeddable":true,"href":"https:\/\/www.wilhelm-schuster.de\/news\/wp-json\/wp\/v2\/users\/2"}],"replies":[{"embeddable":true,"href":"https:\/\/www.wilhelm-schuster.de\/news\/wp-json\/wp\/v2\/comments?post=436"}],"version-history":[{"count":11,"href":"https:\/\/www.wilhelm-schuster.de\/news\/wp-json\/wp\/v2\/pages\/436\/revisions"}],"predecessor-version":[{"id":633,"href":"https:\/\/www.wilhelm-schuster.de\/news\/wp-json\/wp\/v2\/pages\/436\/revisions\/633"}],"wp:attachment":[{"href":"https:\/\/www.wilhelm-schuster.de\/news\/wp-json\/wp\/v2\/media?parent=436"}],"curies":[{"name":"wp","href":"https:\/\/api.w.org\/{rel}","templated":true}]}}